{"id":977,"date":"2022-09-21T08:12:48","date_gmt":"2022-09-21T08:12:48","guid":{"rendered":"https:\/\/saint-valentin.biz\/home\/"},"modified":"2025-07-23T07:12:28","modified_gmt":"2025-07-23T07:12:28","slug":"home","status":"publish","type":"page","link":"https:\/\/saint-valentin.biz\/nl\/","title":{"rendered":"Home"},"content":{"rendered":"<p>[et_pb_section fb_built=&#8221;1&#8243; custom_padding_last_edited=&#8221;on|phone&#8221; admin_label=&#8221;Header&#8221; _builder_version=&#8221;4.26.1&#8243; background_color=&#8221;#f3f3f1&#8243; use_background_color_gradient=&#8221;on&#8221; background_color_gradient_direction=&#8221;90deg&#8221; background_color_gradient_stops=&#8221;rgba(240,61,73,0.46) 1%|gcid-primary-color 99%&#8221; background_color_gradient_overlays_image=&#8221;on&#8221; background_image=&#8221;https:\/\/saint-valentin.biz\/wp-content\/uploads\/2024\/07\/saint-valentin-header.jpg&#8221; width_tablet=&#8221;&#8221; width_phone=&#8221;&#8221; width_last_edited=&#8221;on|tablet&#8221; custom_margin=&#8221;-87px||||false|false&#8221; custom_padding=&#8221;5%||||false|false&#8221; custom_padding_tablet=&#8221;10%||||false|false&#8221; custom_padding_phone=&#8221;20%||||false|false&#8221; background_last_edited=&#8221;off|phone&#8221; global_colors_info=&#8221;{%22gcid-primary-color%22:%91%22background_color_gradient_stops%22%93}&#8221;][et_pb_row custom_padding_last_edited=&#8221;off|desktop&#8221; _builder_version=&#8221;4.26.1&#8243; background_enable_image=&#8221;off&#8221; width_tablet=&#8221;90%&#8221; width_phone=&#8221;90%&#8221; width_last_edited=&#8221;on|tablet&#8221; max_width=&#8221;none&#8221; custom_padding=&#8221;2%|20px|2%|20px|true|true&#8221; custom_padding_tablet=&#8221;15%|10%|15%|10%|true|true&#8221; global_colors_info=&#8221;{}&#8221;][et_pb_column type=&#8221;4_4&#8243; _builder_version=&#8221;4.16&#8243; global_colors_info=&#8221;{}&#8221;][et_pb_image src=&#8221;https:\/\/survivaliste.net\/wp-content\/uploads\/2022\/09\/spice-shop-07.png&#8221; align=&#8221;center&#8221; _builder_version=&#8221;4.16&#8243; custom_margin=&#8221;50px||||false|false&#8221; custom_margin_tablet=&#8221;0px||||false|false&#8221; custom_margin_phone=&#8221;&#8221; custom_margin_last_edited=&#8221;on|tablet&#8221; locked=&#8221;off&#8221; global_colors_info=&#8221;{}&#8221;][\/et_pb_image][et_pb_text _builder_version=&#8221;4.26.1&#8243; header_font_size=&#8221;70px&#8221; header_line_height=&#8221;1.2em&#8221; header_3_font=&#8221;|700||on|||||&#8221; header_3_font_size=&#8221;16px&#8221; header_3_letter_spacing=&#8221;2px&#8221; header_3_line_height=&#8221;1.8em&#8221; text_orientation=&#8221;center&#8221; background_layout=&#8221;dark&#8221; max_width=&#8221;980px&#8221; module_alignment=&#8221;center&#8221; header_font_size_tablet=&#8221;40px&#8221; header_font_size_phone=&#8221;30px&#8221; header_font_size_last_edited=&#8221;on|phone&#8221; header_3_font_size_tablet=&#8221;14px&#8221; header_3_font_size_phone=&#8221;12px&#8221; header_3_font_size_last_edited=&#8221;on|phone&#8221; global_colors_info=&#8221;{}&#8221;]<\/p>\n<h3>Bezoek<\/h3>\n<h1>Jouw inspiratie voor een onvergetelijke Valentijnsdag!<\/h1>\n<p>[\/et_pb_text][et_pb_button button_url=&#8221;#actus&#8221; button_text=&#8221;Bekijk ons laatste nieuws&#8221; button_alignment=&#8221;center&#8221; _builder_version=&#8221;4.26.1&#8243; custom_button=&#8221;on&#8221; button_text_size=&#8221;16px&#8221; button_text_color=&#8221;#ffffff&#8221; button_bg_color=&#8221;rgba(0,0,0,0)&#8221; button_border_width=&#8221;2px&#8221; button_border_color=&#8221;#ffffff&#8221; button_border_radius=&#8221;0px&#8221; button_letter_spacing=&#8221;2px&#8221; button_font=&#8221;|700||on|||||&#8221; button_use_icon=&#8221;off&#8221; custom_margin=&#8221;30px||||false|false&#8221; custom_padding=&#8221;18px|30px|18px|30px|true|true&#8221; custom_padding_tablet=&#8221;14px|20px|14px|20px|true|true&#8221; custom_padding_phone=&#8221;&#8221; custom_padding_last_edited=&#8221;on|phone&#8221; button_text_size_tablet=&#8221;14px&#8221; button_text_size_phone=&#8221;12px&#8221; button_text_size_last_edited=&#8221;on|phone&#8221; locked=&#8221;off&#8221; global_colors_info=&#8221;{}&#8221; button_text_color__hover_enabled=&#8221;on|desktop&#8221; button_text_color__hover=&#8221;#28221d&#8221; button_bg_color__hover_enabled=&#8221;on|hover&#8221; button_bg_color__hover=&#8221;#ffffff&#8221; button_bg_enable_color__hover=&#8221;on&#8221;][\/et_pb_button][\/et_pb_column][\/et_pb_row][\/et_pb_section][et_pb_section fb_built=&#8221;1&#8243; admin_label=&#8221;Blog&#8221; module_id=&#8221;nieuws&#8221; _builder_version=&#8221;4.18.0&#8243; _module_preset=&#8221;default&#8221; background_color=&#8221;#f3f3f1&#8243; use_background_color_gradient=&#8221;on&#8221; background_color_gradient_stops=&#8221;#f3f3f1 27%|#f3f3f1 52%|#ffffff 52%|#ffffff 100%&#8221; background_enable_image=&#8221;off&#8221; background_position=&#8221;bottom_center&#8221; width=&#8221;100%&#8221; custom_padding=&#8221;3.3%||59px||false|false&#8221; locked=&#8221;off&#8221; global_colors_info=&#8221;{}&#8221;][et_pb_row custom_padding_last_edited=&#8221;off|desktop&#8221; _builder_version=&#8221;4.16&#8243; _module_preset=&#8221;default&#8221; background_enable_color=&#8221;off&#8221; background_enable_image=&#8221;off&#8221; width_tablet=&#8221;90%&#8221; width_phone=&#8221;&#8221; width_last_edited=&#8221;on|phone&#8221; custom_padding=&#8221;0px||0px||true|false&#8221; custom_padding_tablet=&#8221;20px||20px||true|false&#8221; custom_padding_phone=&#8221;20px||20px||true|false&#8221; locked=&#8221;off&#8221; global_colors_info=&#8221;{%22gcid-30453b96-dd74-4a60-afe6-7bbd8ca93a6b%22:%91%93}&#8221;][et_pb_column type=&#8221;4_4&#8243; _builder_version=&#8221;4.16&#8243; _module_preset=&#8221;default&#8221; global_colors_info=&#8221;{}&#8221;][et_pb_text _builder_version=&#8221;4.26.1&#8243; _module_preset=&#8221;5287ac05-8c0f-4f40-8b4e-91fadabe8155&#8243; header_2_font=&#8221;&#8211;et_global_heading_font|800|||||||&#8221; header_2_text_color=&#8221;gcid-primary-color&#8221; global_colors_info=&#8221;{%22gcid-primary-color%22:%91%22header_2_text_color%22%93}&#8221;]<\/p>\n<h2>Nieuws<\/h2>\n<p>[\/et_pb_text][et_pb_blog fullwidth=&#8221;off&#8221; posts_number=&#8221;3&#8243; include_categories=&#8221;all&#8221; excerpt_length=&#8221;150&#8243; show_author=&#8221;off&#8221; show_date=&#8221;off&#8221; use_overlay=&#8221;on&#8221; _builder_version=&#8221;4.26.1&#8243; _module_preset=&#8221;default&#8221; header_level=&#8221;h4&#8243; header_font=&#8221;Montserrat||||||||&#8221; header_font_size=&#8221;24px&#8221; meta_font=&#8221;Open Sans||||||||&#8221; meta_text_color=&#8221;rgba(224,97,0,0.47)&#8221; meta_font_size=&#8221;14px&#8221; meta_letter_spacing=&#8221;1px&#8221; read_more_font_size=&#8221;18px&#8221; read_more_line_height=&#8221;1.6em&#8221; global_colors_info=&#8221;{}&#8221;][\/et_pb_blog][\/et_pb_column][\/et_pb_row][\/et_pb_section][et_pb_section fb_built=&#8221;1&#8243; admin_label=&#8221;About&#8221; _builder_version=&#8221;4.26.1&#8243; _module_preset=&#8221;default&#8221; background_color=&#8221;gcid-secondary-color&#8221; background_enable_image=&#8221;off&#8221; background_size=&#8221;initial&#8221; custom_padding=&#8221;35px|||||&#8221; locked=&#8221;off&#8221; global_colors_info=&#8221;{%22gcid-secondary-color%22:%91%22background_color%22%93}&#8221;][et_pb_row _builder_version=&#8221;4.18.0&#8243; _module_preset=&#8221;default&#8221; custom_padding=&#8221;2px||3px|||&#8221; locked=&#8221;off&#8221; global_colors_info=&#8221;{}&#8221;][et_pb_column type=&#8221;4_4&#8243; _builder_version=&#8221;4.16&#8243; _module_preset=&#8221;default&#8221; global_colors_info=&#8221;{}&#8221;][et_pb_text _builder_version=&#8221;4.26.1&#8243; _module_preset=&#8221;5287ac05-8c0f-4f40-8b4e-91fadabe8155&#8243; header_2_font=&#8221;&#8211;et_global_heading_font|800|||||||&#8221; header_2_text_color=&#8221;gcid-primary-color&#8221; global_colors_info=&#8221;{%22gcid-primary-color%22:%91%22header_2_text_color%22%93}&#8221;]<\/p>\n<h2>Welkom bij saint-valentin.biz<\/h2>\n<p>[\/et_pb_text][\/et_pb_column][\/et_pb_row][et_pb_row _builder_version=&#8221;4.26.1&#8243; _module_preset=&#8221;default&#8221; custom_padding=&#8221;1px||4px|||&#8221; global_colors_info=&#8221;{}&#8221;][et_pb_column type=&#8221;4_4&#8243; _builder_version=&#8221;4.16&#8243; _module_preset=&#8221;default&#8221; global_colors_info=&#8221;{}&#8221;][et_pb_text _builder_version=&#8221;4.26.1&#8243; _module_preset=&#8221;1dfa71ef-cb87-4e45-b896-ffb518c28ad0&#8243; text_font=&#8221;&#8211;et_global_body_font||on||||||&#8221; text_font_size=&#8221;22px&#8221; text_line_height=&#8221;1.2em&#8221; locked=&#8221;off&#8221; global_colors_info=&#8221;{}&#8221;]<\/p>\n<p>Welkom bij saint-valentin.biz, jouw online bron voor alles wat met Valentijnsdag te maken heeft. Of je nu een verstokte romanticus bent of op zoek naar idee\u00ebn om je partner te verrassen, onze blog is ontworpen om je inspirerende suggesties, praktisch advies en de laatste trends te bieden om deze speciale dag onvergetelijk te maken. <\/p>\n<p>[\/et_pb_text][\/et_pb_column][\/et_pb_row][\/et_pb_section][et_pb_section fb_built=&#8221;1&#8243; _builder_version=&#8221;4.18.0&#8243; _module_preset=&#8221;default&#8221; global_colors_info=&#8221;{}&#8221;][et_pb_row _builder_version=&#8221;4.26.1&#8243; _module_preset=&#8221;default&#8221; global_colors_info=&#8221;{}&#8221;][et_pb_column type=&#8221;4_4&#8243; _builder_version=&#8221;4.18.0&#8243; _module_preset=&#8221;default&#8221; global_colors_info=&#8221;{}&#8221;][et_pb_accordion open_toggle_text_color=&#8221;gcid-primary-color&#8221; open_toggle_background_color=&#8221;#f7f7f7&#8243; _builder_version=&#8221;4.26.1&#8243; _module_preset=&#8221;default&#8221; toggle_text_color=&#8221;gcid-primary-color&#8221; toggle_font=&#8221;&#8211;et_global_heading_font||||||||&#8221; toggle_font_size=&#8221;21px&#8221; body_font_size=&#8221;16px&#8221; body_line_height=&#8221;2.2em&#8221; background_enable_color=&#8221;off&#8221; border_width_all=&#8221;0px&#8221; global_colors_info=&#8221;{%22gcid-primary-color%22:%91%22open_toggle_text_color%22,%22toggle_text_color%22%93}&#8221;][et_pb_accordion_item title=&#8221;Cadeau-idee\u00ebn&#8221; open=&#8221;on&#8221; _builder_version=&#8221;4.26.1&#8243; _module_preset=&#8221;default&#8221; body_line_height=&#8221;1.5em&#8221; global_colors_info=&#8221;{}&#8221; closed_toggle_line_height=&#8221;1.6em&#8221;]<\/p>\n<p>Welkom bij onze sectie Cadeau-idee\u00ebn! Het perfecte cadeau voor je partner vinden kan een uitdaging zijn, maar wij zijn er om je te helpen. Of je nu op zoek bent naar een luxueus cadeau, een attent cadeau of een doe-het-zelfverrassing, onze suggesties bestrijken een groot aantal budgetten en smaken. Bekijk onze artikelen en ontdek originele en gedenkwaardige idee\u00ebn die het hart van je geliefde zeker zullen veroveren.   <\/p>\n<p>[\/et_pb_accordion_item][et_pb_accordion_item title=&#8221;Romantische recepten&#8221; _builder_version=&#8221;4.26.1&#8243; _module_preset=&#8221;default&#8221; global_colors_info=&#8221;{}&#8221; open=&#8221;off&#8221;]<\/p>\n<p>Ontdek onze categorie &#8220;Romantische recepten&#8221;! Niets drukt liefde beter uit dan een zorgvuldig bereide maaltijd. Wij bieden je heerlijke, makkelijk te maken recepten voor het maken van diners bij kaarslicht of gastronomische desserts. Of je nu een beginnende kok bent of een ervaren kok, onze recepten zijn ontworpen om een vleugje magie toe te voegen aan je Valentijnsavond.   <\/p>\n<p>[\/et_pb_accordion_item][et_pb_accordion_item title=&#8221;Romantische tips&#8221; _builder_version=&#8221;4.26.1&#8243; _module_preset=&#8221;default&#8221; global_colors_info=&#8221;{}&#8221; open=&#8221;off&#8221;]<\/p>\n<p>Welkom bij het gedeelte Romantische tips van onze blog! Romantiek is niet beperkt tot \u00e9\u00e9n dag en we hebben een aantal tips samengesteld om je te helpen de vlam in je relatie het hele jaar door brandend te houden. Van onvergetelijke idee\u00ebn voor afspraakjes tot tips om je partner te verrassen, onze artikelen zijn er om je liefdesleven te inspireren en te verrijken.  <\/p>\n<p>[\/et_pb_accordion_item][et_pb_accordion_item title=&#8221;Decoraties en sfeer&#8221; _builder_version=&#8221;4.26.1&#8243; _module_preset=&#8221;default&#8221; global_colors_info=&#8221;{}&#8221; open=&#8221;off&#8221;]<\/p>\n<p>Verken onze sectie &#8220;Decoraties en Ambiance&#8221; om je ruimte om te toveren in een oase van romantiek. Valentijnsdag is de perfecte gelegenheid om een speciale en gedenkwaardige sfeer te cre\u00ebren. Van tafeldecoraties tot idee\u00ebn voor zachte verlichting, onze artikelen helpen je een betoverende omgeving te cre\u00ebren die elk moment met je partner mooier maakt.  <\/p>\n<p>[\/et_pb_accordion_item][\/et_pb_accordion][\/et_pb_column][\/et_pb_row][\/et_pb_section]<\/p>\n","protected":false},"excerpt":{"rendered":"<p>Bezoek Jouw inspiratie voor een onvergetelijke Valentijnsdag!NieuwsWelkom bij saint-valentin.bizWelkom bij saint-valentin.biz, jouw online bron voor alles wat met Valentijnsdag te maken heeft. Of je nu een verstokte romanticus bent of op zoek naar idee\u00ebn om je partner te verrassen, onze blog is ontworpen om je inspirerende suggesties, praktisch advies en de laatste trends te bieden [&hellip;]<\/p>\n","protected":false},"author":1,"featured_media":0,"parent":0,"menu_order":0,"comment_status":"closed","ping_status":"open","template":"","meta":{"_et_pb_use_builder":"on","_et_pb_old_content":"","_et_gb_content_width":"","footnotes":""},"class_list":["post-977","page","type-page","status-publish","hentry"],"yoast_head":"<!-- This site is optimized with the Yoast SEO plugin v27.5 - https:\/\/yoast.com\/product\/yoast-seo-wordpress\/ -->\n<title>Valentijnsdag.biz: idee\u00ebn, cadeaus en advies voor een onvergetelijke viering<\/title>\n<meta name=\"description\" content=\"Vind inspiratie voor de perfecte Valentijnsdag! Romantische cadeaus, verrassingsidee\u00ebn, restaurants en tips om de liefde te vieren zoals het hoort.\" \/>\n<meta name=\"robots\" content=\"index, follow, max-snippet:-1, max-image-preview:large, max-video-preview:-1\" \/>\n<link rel=\"canonical\" href=\"https:\/\/saint-valentin.biz\/nl\/\" \/>\n<meta property=\"og:locale\" content=\"nl_NL\" \/>\n<meta property=\"og:type\" content=\"article\" \/>\n<meta property=\"og:title\" content=\"Valentijnsdag.biz: idee\u00ebn, cadeaus en advies voor een onvergetelijke viering\" \/>\n<meta property=\"og:description\" content=\"Vind inspiratie voor de perfecte Valentijnsdag! Romantische cadeaus, verrassingsidee\u00ebn, restaurants en tips om de liefde te vieren zoals het hoort.\" \/>\n<meta property=\"og:url\" content=\"https:\/\/saint-valentin.biz\/nl\/\" \/>\n<meta property=\"og:site_name\" content=\"Saint-valentin.biz\" \/>\n<meta property=\"article:modified_time\" content=\"2025-07-23T07:12:28+00:00\" \/>\n<meta name=\"twitter:card\" content=\"summary_large_image\" \/>\n<meta name=\"twitter:label1\" content=\"Est. reading time\" \/>\n\t<meta name=\"twitter:data1\" content=\"7 minutes\" \/>\n<script type=\"application\/ld+json\" class=\"yoast-schema-graph\">{\"@context\":\"https:\\\/\\\/schema.org\",\"@graph\":[{\"@type\":\"WebPage\",\"@id\":\"https:\\\/\\\/saint-valentin.biz\\\/nl\\\/\",\"url\":\"https:\\\/\\\/saint-valentin.biz\\\/nl\\\/\",\"name\":\"Valentijnsdag.biz: idee\u00ebn, cadeaus en advies voor een onvergetelijke viering\",\"isPartOf\":{\"@id\":\"https:\\\/\\\/saint-valentin.biz\\\/nl\\\/#website\"},\"datePublished\":\"2022-09-21T08:12:48+00:00\",\"dateModified\":\"2025-07-23T07:12:28+00:00\",\"description\":\"Vind inspiratie voor de perfecte Valentijnsdag! Romantische cadeaus, verrassingsidee\u00ebn, restaurants en tips om de liefde te vieren zoals het hoort.\",\"breadcrumb\":{\"@id\":\"https:\\\/\\\/saint-valentin.biz\\\/nl\\\/#breadcrumb\"},\"inLanguage\":\"nl-be\",\"potentialAction\":[{\"@type\":\"ReadAction\",\"target\":[\"https:\\\/\\\/saint-valentin.biz\\\/nl\\\/\"]}]},{\"@type\":\"BreadcrumbList\",\"@id\":\"https:\\\/\\\/saint-valentin.biz\\\/nl\\\/#breadcrumb\",\"itemListElement\":[{\"@type\":\"ListItem\",\"position\":1,\"name\":\"Accueil\",\"item\":\"https:\\\/\\\/saint-valentin.biz\\\/nl\\\/home\\\/\"},{\"@type\":\"ListItem\",\"position\":2,\"name\":\"Home\"}]},{\"@type\":\"WebSite\",\"@id\":\"https:\\\/\\\/saint-valentin.biz\\\/nl\\\/#website\",\"url\":\"https:\\\/\\\/saint-valentin.biz\\\/nl\\\/\",\"name\":\"Saint-valentin.biz\",\"description\":\"Le blog conseil D\u00e9corer Jardin\",\"publisher\":{\"@id\":\"https:\\\/\\\/saint-valentin.biz\\\/nl\\\/#organization\"},\"potentialAction\":[{\"@type\":\"SearchAction\",\"target\":{\"@type\":\"EntryPoint\",\"urlTemplate\":\"https:\\\/\\\/saint-valentin.biz\\\/nl\\\/?s={search_term_string}\"},\"query-input\":{\"@type\":\"PropertyValueSpecification\",\"valueRequired\":true,\"valueName\":\"search_term_string\"}}],\"inLanguage\":\"nl-be\"},{\"@type\":\"Organization\",\"@id\":\"https:\\\/\\\/saint-valentin.biz\\\/nl\\\/#organization\",\"name\":\"Saint-valentin.biz\",\"url\":\"https:\\\/\\\/saint-valentin.biz\\\/nl\\\/\",\"logo\":{\"@type\":\"ImageObject\",\"inLanguage\":\"nl-be\",\"@id\":\"https:\\\/\\\/saint-valentin.biz\\\/nl\\\/#\\\/schema\\\/logo\\\/image\\\/\",\"url\":\"https:\\\/\\\/survivaliste.net\\\/wp-content\\\/uploads\\\/2022\\\/09\\\/spices.webp\",\"contentUrl\":\"https:\\\/\\\/survivaliste.net\\\/wp-content\\\/uploads\\\/2022\\\/09\\\/spices.webp\",\"width\":1600,\"height\":1067,\"caption\":\"Saint-valentin.biz\"},\"image\":{\"@id\":\"https:\\\/\\\/saint-valentin.biz\\\/nl\\\/#\\\/schema\\\/logo\\\/image\\\/\"}}]}<\/script>\n<!-- \/ Yoast SEO plugin. -->","yoast_head_json":{"title":"Valentijnsdag.biz: idee\u00ebn, cadeaus en advies voor een onvergetelijke viering","description":"Vind inspiratie voor de perfecte Valentijnsdag! Romantische cadeaus, verrassingsidee\u00ebn, restaurants en tips om de liefde te vieren zoals het hoort.","robots":{"index":"index","follow":"follow","max-snippet":"max-snippet:-1","max-image-preview":"max-image-preview:large","max-video-preview":"max-video-preview:-1"},"canonical":"https:\/\/saint-valentin.biz\/nl\/","og_locale":"nl_NL","og_type":"article","og_title":"Valentijnsdag.biz: idee\u00ebn, cadeaus en advies voor een onvergetelijke viering","og_description":"Vind inspiratie voor de perfecte Valentijnsdag! Romantische cadeaus, verrassingsidee\u00ebn, restaurants en tips om de liefde te vieren zoals het hoort.","og_url":"https:\/\/saint-valentin.biz\/nl\/","og_site_name":"Saint-valentin.biz","article_modified_time":"2025-07-23T07:12:28+00:00","twitter_card":"summary_large_image","twitter_misc":{"Est. reading time":"7 minutes"},"schema":{"@context":"https:\/\/schema.org","@graph":[{"@type":"WebPage","@id":"https:\/\/saint-valentin.biz\/nl\/","url":"https:\/\/saint-valentin.biz\/nl\/","name":"Valentijnsdag.biz: idee\u00ebn, cadeaus en advies voor een onvergetelijke viering","isPartOf":{"@id":"https:\/\/saint-valentin.biz\/nl\/#website"},"datePublished":"2022-09-21T08:12:48+00:00","dateModified":"2025-07-23T07:12:28+00:00","description":"Vind inspiratie voor de perfecte Valentijnsdag! Romantische cadeaus, verrassingsidee\u00ebn, restaurants en tips om de liefde te vieren zoals het hoort.","breadcrumb":{"@id":"https:\/\/saint-valentin.biz\/nl\/#breadcrumb"},"inLanguage":"nl-be","potentialAction":[{"@type":"ReadAction","target":["https:\/\/saint-valentin.biz\/nl\/"]}]},{"@type":"BreadcrumbList","@id":"https:\/\/saint-valentin.biz\/nl\/#breadcrumb","itemListElement":[{"@type":"ListItem","position":1,"name":"Accueil","item":"https:\/\/saint-valentin.biz\/nl\/home\/"},{"@type":"ListItem","position":2,"name":"Home"}]},{"@type":"WebSite","@id":"https:\/\/saint-valentin.biz\/nl\/#website","url":"https:\/\/saint-valentin.biz\/nl\/","name":"Saint-valentin.biz","description":"Le blog conseil D\u00e9corer Jardin","publisher":{"@id":"https:\/\/saint-valentin.biz\/nl\/#organization"},"potentialAction":[{"@type":"SearchAction","target":{"@type":"EntryPoint","urlTemplate":"https:\/\/saint-valentin.biz\/nl\/?s={search_term_string}"},"query-input":{"@type":"PropertyValueSpecification","valueRequired":true,"valueName":"search_term_string"}}],"inLanguage":"nl-be"},{"@type":"Organization","@id":"https:\/\/saint-valentin.biz\/nl\/#organization","name":"Saint-valentin.biz","url":"https:\/\/saint-valentin.biz\/nl\/","logo":{"@type":"ImageObject","inLanguage":"nl-be","@id":"https:\/\/saint-valentin.biz\/nl\/#\/schema\/logo\/image\/","url":"https:\/\/survivaliste.net\/wp-content\/uploads\/2022\/09\/spices.webp","contentUrl":"https:\/\/survivaliste.net\/wp-content\/uploads\/2022\/09\/spices.webp","width":1600,"height":1067,"caption":"Saint-valentin.biz"},"image":{"@id":"https:\/\/saint-valentin.biz\/nl\/#\/schema\/logo\/image\/"}}]}},"_links":{"self":[{"href":"https:\/\/saint-valentin.biz\/nl\/wp-json\/wp\/v2\/pages\/977","targetHints":{"allow":["GET"]}}],"collection":[{"href":"https:\/\/saint-valentin.biz\/nl\/wp-json\/wp\/v2\/pages"}],"about":[{"href":"https:\/\/saint-valentin.biz\/nl\/wp-json\/wp\/v2\/types\/page"}],"author":[{"embeddable":true,"href":"https:\/\/saint-valentin.biz\/nl\/wp-json\/wp\/v2\/users\/1"}],"replies":[{"embeddable":true,"href":"https:\/\/saint-valentin.biz\/nl\/wp-json\/wp\/v2\/comments?post=977"}],"version-history":[{"count":1,"href":"https:\/\/saint-valentin.biz\/nl\/wp-json\/wp\/v2\/pages\/977\/revisions"}],"predecessor-version":[{"id":978,"href":"https:\/\/saint-valentin.biz\/nl\/wp-json\/wp\/v2\/pages\/977\/revisions\/978"}],"wp:attachment":[{"href":"https:\/\/saint-valentin.biz\/nl\/wp-json\/wp\/v2\/media?parent=977"}],"curies":[{"name":"wp","href":"https:\/\/api.w.org\/{rel}","templated":true}]}}